{"id":5090,"date":"2023-02-03T16:35:26","date_gmt":"2023-02-03T16:35:26","guid":{"rendered":"https:\/\/absolent.com\/it\/?page_id=5090"},"modified":"2023-02-03T16:35:26","modified_gmt":"2023-02-03T16:35:26","slug":"scegliaerity","status":"publish","type":"page","link":"https:\/\/absolent.com\/it\/scegliaerity\/","title":{"rendered":"Scegli l&#8217;aria pulita \u2013 scegli A\u2022erity"},"content":{"rendered":"<p>A\u2022erity \u00e8 una unit\u00e0 filtrante, nuova e potente, che garantisce aria pulita per almeno 8760 ore di funzionamento. Grazie alla nostra avanzata tecnologia di filtrazione, i tempi di inattivit\u00e0 non pianificati sono ridotti al minimo, cos\u00ec puoi concentrarti sulla tua attivit\u00e0. A\u2022erity si basa su una tecnologia accuratamente testata, su un solido know-how e pu\u00f2 essere integrata perfettamente nella tua produzione. Scegli l&#8217;aria pulita \u2013 scegli A\u2022erity.<\/p>\n","protected":false},"excerpt":{"rendered":"<p>A\u2022erity \u00e8 una unit\u00e0 filtrante, nuova e potente, che garantisce aria pulita per almeno 8760 ore di funzionamento. Grazie alla nostra avanzata tecnologia di filtrazione, i tempi di inattivit\u00e0 non pianificati sono ridotti al minimo, cos\u00ec puoi concentrarti sulla tua attivit\u00e0. A\u2022erity si basa su una tecnologia accuratamente testata, su un solido know-how e pu\u00f2 &hellip; <a href=\"https:\/\/absolent.com\/it\/scegliaerity\/\">Continued<\/a><\/p>\n","protected":false},"author":7,"featured_media":0,"parent":0,"menu_order":0,"comment_status":"closed","ping_status":"closed","template":"page-campaign.php","meta":{"_acf_changed":false,"footnotes":""},"class_list":["post-5090","page","type-page","status-publish","hentry"],"acf":[],"yoast_head":"<!-- This site is optimized with the Yoast SEO plugin v27.2 - https:\/\/yoast.com\/product\/yoast-seo-wordpress\/ -->\n<title>Scegli l&#039;aria pulita \u2013 scegli A\u2022erity - Absolent - Italy<\/title>\n<meta name=\"robots\" content=\"index, follow, max-snippet:-1, max-image-preview:large, max-video-preview:-1\" \/>\n<link rel=\"canonical\" href=\"https:\/\/absolent.com\/it\/scegliaerity\/\" \/>\n<meta property=\"og:locale\" content=\"en_US\" \/>\n<meta property=\"og:type\" content=\"article\" \/>\n<meta property=\"og:title\" content=\"Scegli l&#039;aria pulita \u2013 scegli A\u2022erity - Absolent - Italy\" \/>\n<meta property=\"og:description\" content=\"A\u2022erity \u00e8 una unit\u00e0 filtrante, nuova e potente, che garantisce aria pulita per almeno 8760 ore di funzionamento. Grazie alla nostra avanzata tecnologia di filtrazione, i tempi di inattivit\u00e0 non pianificati sono ridotti al minimo, cos\u00ec puoi concentrarti sulla tua attivit\u00e0. A\u2022erity si basa su una tecnologia accuratamente testata, su un solido know-how e pu\u00f2 &hellip; Continued\" \/>\n<meta property=\"og:url\" content=\"https:\/\/absolent.com\/it\/scegliaerity\/\" \/>\n<meta property=\"og:site_name\" content=\"Absolent - Italy\" \/>\n<meta property=\"og:image\" content=\"https:\/\/absolent.com\/it\/wp-content\/uploads\/sites\/23\/2016\/03\/absolent_sok.jpg\" \/>\n\t<meta property=\"og:image:width\" content=\"1200\" \/>\n\t<meta property=\"og:image:height\" content=\"811\" \/>\n\t<meta property=\"og:image:type\" content=\"image\/jpeg\" \/>\n<meta name=\"twitter:card\" content=\"summary_large_image\" \/>\n<meta name=\"twitter:label1\" content=\"Est. reading time\" \/>\n\t<meta name=\"twitter:data1\" content=\"1 minute\" \/>\n<script type=\"application\/ld+json\" class=\"yoast-schema-graph\">{\"@context\":\"https:\/\/schema.org\",\"@graph\":[{\"@type\":\"WebPage\",\"@id\":\"https:\/\/absolent.com\/it\/scegliaerity\/\",\"url\":\"https:\/\/absolent.com\/it\/scegliaerity\/\",\"name\":\"Scegli l'aria pulita \u2013 scegli A\u2022erity - Absolent - Italy\",\"isPartOf\":{\"@id\":\"https:\/\/absolent.com\/it\/#website\"},\"datePublished\":\"2023-02-03T16:35:26+00:00\",\"breadcrumb\":{\"@id\":\"https:\/\/absolent.com\/it\/scegliaerity\/#breadcrumb\"},\"inLanguage\":\"en-US\",\"potentialAction\":[{\"@type\":\"ReadAction\",\"target\":[\"https:\/\/absolent.com\/it\/scegliaerity\/\"]}]},{\"@type\":\"BreadcrumbList\",\"@id\":\"https:\/\/absolent.com\/it\/scegliaerity\/#breadcrumb\",\"itemListElement\":[{\"@type\":\"ListItem\",\"position\":1,\"name\":\"Home\",\"item\":\"https:\/\/absolent.com\/it\/\"},{\"@type\":\"ListItem\",\"position\":2,\"name\":\"Scegli l&#8217;aria pulita \u2013 scegli A\u2022erity\"}]},{\"@type\":\"WebSite\",\"@id\":\"https:\/\/absolent.com\/it\/#website\",\"url\":\"https:\/\/absolent.com\/it\/\",\"name\":\"Absolent - Italy\",\"description\":\"Premium air filtration for industrial applications\",\"potentialAction\":[{\"@type\":\"SearchAction\",\"target\":{\"@type\":\"EntryPoint\",\"urlTemplate\":\"https:\/\/absolent.com\/it\/?s={search_term_string}\"},\"query-input\":{\"@type\":\"PropertyValueSpecification\",\"valueRequired\":true,\"valueName\":\"search_term_string\"}}],\"inLanguage\":\"en-US\"}]}<\/script>\n<!-- \/ Yoast SEO plugin. -->","yoast_head_json":{"title":"Scegli l'aria pulita \u2013 scegli A\u2022erity - Absolent - Italy","robots":{"index":"index","follow":"follow","max-snippet":"max-snippet:-1","max-image-preview":"max-image-preview:large","max-video-preview":"max-video-preview:-1"},"canonical":"https:\/\/absolent.com\/it\/scegliaerity\/","og_locale":"en_US","og_type":"article","og_title":"Scegli l'aria pulita \u2013 scegli A\u2022erity - Absolent - Italy","og_description":"A\u2022erity \u00e8 una unit\u00e0 filtrante, nuova e potente, che garantisce aria pulita per almeno 8760 ore di funzionamento. Grazie alla nostra avanzata tecnologia di filtrazione, i tempi di inattivit\u00e0 non pianificati sono ridotti al minimo, cos\u00ec puoi concentrarti sulla tua attivit\u00e0. A\u2022erity si basa su una tecnologia accuratamente testata, su un solido know-how e pu\u00f2 &hellip; Continued","og_url":"https:\/\/absolent.com\/it\/scegliaerity\/","og_site_name":"Absolent - Italy","og_image":[{"width":1200,"height":811,"url":"https:\/\/absolent.com\/it\/wp-content\/uploads\/sites\/23\/2016\/03\/absolent_sok.jpg","type":"image\/jpeg"}],"twitter_card":"summary_large_image","twitter_misc":{"Est. reading time":"1 minute"},"schema":{"@context":"https:\/\/schema.org","@graph":[{"@type":"WebPage","@id":"https:\/\/absolent.com\/it\/scegliaerity\/","url":"https:\/\/absolent.com\/it\/scegliaerity\/","name":"Scegli l'aria pulita \u2013 scegli A\u2022erity - Absolent - Italy","isPartOf":{"@id":"https:\/\/absolent.com\/it\/#website"},"datePublished":"2023-02-03T16:35:26+00:00","breadcrumb":{"@id":"https:\/\/absolent.com\/it\/scegliaerity\/#breadcrumb"},"inLanguage":"en-US","potentialAction":[{"@type":"ReadAction","target":["https:\/\/absolent.com\/it\/scegliaerity\/"]}]},{"@type":"BreadcrumbList","@id":"https:\/\/absolent.com\/it\/scegliaerity\/#breadcrumb","itemListElement":[{"@type":"ListItem","position":1,"name":"Home","item":"https:\/\/absolent.com\/it\/"},{"@type":"ListItem","position":2,"name":"Scegli l&#8217;aria pulita \u2013 scegli A\u2022erity"}]},{"@type":"WebSite","@id":"https:\/\/absolent.com\/it\/#website","url":"https:\/\/absolent.com\/it\/","name":"Absolent - Italy","description":"Premium air filtration for industrial applications","potentialAction":[{"@type":"SearchAction","target":{"@type":"EntryPoint","urlTemplate":"https:\/\/absolent.com\/it\/?s={search_term_string}"},"query-input":{"@type":"PropertyValueSpecification","valueRequired":true,"valueName":"search_term_string"}}],"inLanguage":"en-US"}]}},"_links":{"self":[{"href":"https:\/\/absolent.com\/it\/wp-json\/wp\/v2\/pages\/5090","targetHints":{"allow":["GET"]}}],"collection":[{"href":"https:\/\/absolent.com\/it\/wp-json\/wp\/v2\/pages"}],"about":[{"href":"https:\/\/absolent.com\/it\/wp-json\/wp\/v2\/types\/page"}],"author":[{"embeddable":true,"href":"https:\/\/absolent.com\/it\/wp-json\/wp\/v2\/users\/7"}],"replies":[{"embeddable":true,"href":"https:\/\/absolent.com\/it\/wp-json\/wp\/v2\/comments?post=5090"}],"version-history":[{"count":1,"href":"https:\/\/absolent.com\/it\/wp-json\/wp\/v2\/pages\/5090\/revisions"}],"predecessor-version":[{"id":5097,"href":"https:\/\/absolent.com\/it\/wp-json\/wp\/v2\/pages\/5090\/revisions\/5097"}],"wp:attachment":[{"href":"https:\/\/absolent.com\/it\/wp-json\/wp\/v2\/media?parent=5090"}],"curies":[{"name":"wp","href":"https:\/\/api.w.org\/{rel}","templated":true}]}}