{"id":4701,"date":"2022-06-19T11:38:55","date_gmt":"2022-06-19T11:38:55","guid":{"rendered":"https:\/\/absolent.com\/?page_id=4701"},"modified":"2022-11-15T09:26:06","modified_gmt":"2022-11-15T09:26:06","slug":"your-digital-journey-starts-here-2","status":"publish","type":"page","link":"https:\/\/absolent.com\/it\/your-digital-journey-starts-here-2\/","title":{"rendered":"Il tuo viaggio digitale inizia qui"},"content":{"rendered":"<p>Il tuo viaggio sta iniziando verso un futuro pi\u00f9 intelligente e pulito. Absolent lancia A<span class=\"font-circle\">\u2022<\/span>smart. Una soluzione digitale che fornisce aria pi\u00f9 pulita, locali pi\u00f9 freschi, colleghi pi\u00f9 sani e una produzione pi\u00f9 fluida. Benvenuto a bordo, fai un respiro profondo e rilassati.<\/p>\n","protected":false},"excerpt":{"rendered":"<p>Il tuo viaggio sta iniziando verso un futuro pi\u00f9 intelligente e pulito. Absolent lancia A\u2022smart. Una soluzione digitale che fornisce aria pi\u00f9 pulita, locali pi\u00f9 freschi, colleghi pi\u00f9 sani e una produzione pi\u00f9 fluida. Benvenuto a bordo, fai un respiro profondo e rilassati.<\/p>\n","protected":false},"author":7,"featured_media":4702,"parent":0,"menu_order":0,"comment_status":"closed","ping_status":"closed","template":"page-campaign.php","meta":{"_acf_changed":false,"footnotes":""},"class_list":["post-4701","page","type-page","status-publish","has-post-thumbnail","hentry"],"acf":[],"yoast_head":"<!-- This site is optimized with the Yoast SEO plugin v27.3 - https:\/\/yoast.com\/product\/yoast-seo-wordpress\/ -->\n<title>Il tuo viaggio digitale inizia qui - Absolent - Italy<\/title>\n<meta name=\"robots\" content=\"index, follow, max-snippet:-1, max-image-preview:large, max-video-preview:-1\" \/>\n<link rel=\"canonical\" href=\"https:\/\/absolent.com\/it\/your-digital-journey-starts-here-2\/\" \/>\n<meta property=\"og:locale\" content=\"en_US\" \/>\n<meta property=\"og:type\" content=\"article\" \/>\n<meta property=\"og:title\" content=\"Il tuo viaggio digitale inizia qui - Absolent - Italy\" \/>\n<meta property=\"og:description\" content=\"Il tuo viaggio sta iniziando verso un futuro pi\u00f9 intelligente e pulito. Absolent lancia A\u2022smart. Una soluzione digitale che fornisce aria pi\u00f9 pulita, locali pi\u00f9 freschi, colleghi pi\u00f9 sani e una produzione pi\u00f9 fluida. Benvenuto a bordo, fai un respiro profondo e rilassati.\" \/>\n<meta property=\"og:url\" content=\"https:\/\/absolent.com\/it\/your-digital-journey-starts-here-2\/\" \/>\n<meta property=\"og:site_name\" content=\"Absolent - Italy\" \/>\n<meta property=\"article:modified_time\" content=\"2022-11-15T09:26:06+00:00\" \/>\n<meta property=\"og:image\" content=\"https:\/\/absolent.com\/it\/wp-content\/uploads\/sites\/23\/2022\/04\/a.smart_environment_9_1800x758.jpg\" \/>\n\t<meta property=\"og:image:width\" content=\"1800\" \/>\n\t<meta property=\"og:image:height\" content=\"758\" \/>\n\t<meta property=\"og:image:type\" content=\"image\/jpeg\" \/>\n<meta name=\"twitter:card\" content=\"summary_large_image\" \/>\n<meta name=\"twitter:label1\" content=\"Est. reading time\" \/>\n\t<meta name=\"twitter:data1\" content=\"1 minute\" \/>\n<script type=\"application\/ld+json\" class=\"yoast-schema-graph\">{\"@context\":\"https:\\\/\\\/schema.org\",\"@graph\":[{\"@type\":\"WebPage\",\"@id\":\"https:\\\/\\\/absolent.com\\\/it\\\/your-digital-journey-starts-here-2\\\/\",\"url\":\"https:\\\/\\\/absolent.com\\\/it\\\/your-digital-journey-starts-here-2\\\/\",\"name\":\"Il tuo viaggio digitale inizia qui - Absolent - Italy\",\"isPartOf\":{\"@id\":\"https:\\\/\\\/absolent.com\\\/it\\\/#website\"},\"primaryImageOfPage\":{\"@id\":\"https:\\\/\\\/absolent.com\\\/it\\\/your-digital-journey-starts-here-2\\\/#primaryimage\"},\"image\":{\"@id\":\"https:\\\/\\\/absolent.com\\\/it\\\/your-digital-journey-starts-here-2\\\/#primaryimage\"},\"thumbnailUrl\":\"https:\\\/\\\/absolent.com\\\/it\\\/wp-content\\\/uploads\\\/sites\\\/23\\\/2022\\\/04\\\/a.smart_environment_9_1800x758.jpg\",\"datePublished\":\"2022-06-19T11:38:55+00:00\",\"dateModified\":\"2022-11-15T09:26:06+00:00\",\"breadcrumb\":{\"@id\":\"https:\\\/\\\/absolent.com\\\/it\\\/your-digital-journey-starts-here-2\\\/#breadcrumb\"},\"inLanguage\":\"en-US\",\"potentialAction\":[{\"@type\":\"ReadAction\",\"target\":[\"https:\\\/\\\/absolent.com\\\/it\\\/your-digital-journey-starts-here-2\\\/\"]}]},{\"@type\":\"ImageObject\",\"inLanguage\":\"en-US\",\"@id\":\"https:\\\/\\\/absolent.com\\\/it\\\/your-digital-journey-starts-here-2\\\/#primaryimage\",\"url\":\"https:\\\/\\\/absolent.com\\\/it\\\/wp-content\\\/uploads\\\/sites\\\/23\\\/2022\\\/04\\\/a.smart_environment_9_1800x758.jpg\",\"contentUrl\":\"https:\\\/\\\/absolent.com\\\/it\\\/wp-content\\\/uploads\\\/sites\\\/23\\\/2022\\\/04\\\/a.smart_environment_9_1800x758.jpg\",\"width\":1800,\"height\":758},{\"@type\":\"BreadcrumbList\",\"@id\":\"https:\\\/\\\/absolent.com\\\/it\\\/your-digital-journey-starts-here-2\\\/#breadcrumb\",\"itemListElement\":[{\"@type\":\"ListItem\",\"position\":1,\"name\":\"Home\",\"item\":\"https:\\\/\\\/absolent.com\\\/it\\\/\"},{\"@type\":\"ListItem\",\"position\":2,\"name\":\"Il tuo viaggio digitale inizia qui\"}]},{\"@type\":\"WebSite\",\"@id\":\"https:\\\/\\\/absolent.com\\\/it\\\/#website\",\"url\":\"https:\\\/\\\/absolent.com\\\/it\\\/\",\"name\":\"Absolent - Italy\",\"description\":\"Premium air filtration for industrial applications\",\"potentialAction\":[{\"@type\":\"SearchAction\",\"target\":{\"@type\":\"EntryPoint\",\"urlTemplate\":\"https:\\\/\\\/absolent.com\\\/it\\\/?s={search_term_string}\"},\"query-input\":{\"@type\":\"PropertyValueSpecification\",\"valueRequired\":true,\"valueName\":\"search_term_string\"}}],\"inLanguage\":\"en-US\"}]}<\/script>\n<!-- \/ Yoast SEO plugin. -->","yoast_head_json":{"title":"Il tuo viaggio digitale inizia qui - Absolent - Italy","robots":{"index":"index","follow":"follow","max-snippet":"max-snippet:-1","max-image-preview":"max-image-preview:large","max-video-preview":"max-video-preview:-1"},"canonical":"https:\/\/absolent.com\/it\/your-digital-journey-starts-here-2\/","og_locale":"en_US","og_type":"article","og_title":"Il tuo viaggio digitale inizia qui - Absolent - Italy","og_description":"Il tuo viaggio sta iniziando verso un futuro pi\u00f9 intelligente e pulito. Absolent lancia A\u2022smart. Una soluzione digitale che fornisce aria pi\u00f9 pulita, locali pi\u00f9 freschi, colleghi pi\u00f9 sani e una produzione pi\u00f9 fluida. Benvenuto a bordo, fai un respiro profondo e rilassati.","og_url":"https:\/\/absolent.com\/it\/your-digital-journey-starts-here-2\/","og_site_name":"Absolent - Italy","article_modified_time":"2022-11-15T09:26:06+00:00","og_image":[{"width":1800,"height":758,"url":"https:\/\/absolent.com\/it\/wp-content\/uploads\/sites\/23\/2022\/04\/a.smart_environment_9_1800x758.jpg","type":"image\/jpeg"}],"twitter_card":"summary_large_image","twitter_misc":{"Est. reading time":"1 minute"},"schema":{"@context":"https:\/\/schema.org","@graph":[{"@type":"WebPage","@id":"https:\/\/absolent.com\/it\/your-digital-journey-starts-here-2\/","url":"https:\/\/absolent.com\/it\/your-digital-journey-starts-here-2\/","name":"Il tuo viaggio digitale inizia qui - Absolent - Italy","isPartOf":{"@id":"https:\/\/absolent.com\/it\/#website"},"primaryImageOfPage":{"@id":"https:\/\/absolent.com\/it\/your-digital-journey-starts-here-2\/#primaryimage"},"image":{"@id":"https:\/\/absolent.com\/it\/your-digital-journey-starts-here-2\/#primaryimage"},"thumbnailUrl":"https:\/\/absolent.com\/it\/wp-content\/uploads\/sites\/23\/2022\/04\/a.smart_environment_9_1800x758.jpg","datePublished":"2022-06-19T11:38:55+00:00","dateModified":"2022-11-15T09:26:06+00:00","breadcrumb":{"@id":"https:\/\/absolent.com\/it\/your-digital-journey-starts-here-2\/#breadcrumb"},"inLanguage":"en-US","potentialAction":[{"@type":"ReadAction","target":["https:\/\/absolent.com\/it\/your-digital-journey-starts-here-2\/"]}]},{"@type":"ImageObject","inLanguage":"en-US","@id":"https:\/\/absolent.com\/it\/your-digital-journey-starts-here-2\/#primaryimage","url":"https:\/\/absolent.com\/it\/wp-content\/uploads\/sites\/23\/2022\/04\/a.smart_environment_9_1800x758.jpg","contentUrl":"https:\/\/absolent.com\/it\/wp-content\/uploads\/sites\/23\/2022\/04\/a.smart_environment_9_1800x758.jpg","width":1800,"height":758},{"@type":"BreadcrumbList","@id":"https:\/\/absolent.com\/it\/your-digital-journey-starts-here-2\/#breadcrumb","itemListElement":[{"@type":"ListItem","position":1,"name":"Home","item":"https:\/\/absolent.com\/it\/"},{"@type":"ListItem","position":2,"name":"Il tuo viaggio digitale inizia qui"}]},{"@type":"WebSite","@id":"https:\/\/absolent.com\/it\/#website","url":"https:\/\/absolent.com\/it\/","name":"Absolent - Italy","description":"Premium air filtration for industrial applications","potentialAction":[{"@type":"SearchAction","target":{"@type":"EntryPoint","urlTemplate":"https:\/\/absolent.com\/it\/?s={search_term_string}"},"query-input":{"@type":"PropertyValueSpecification","valueRequired":true,"valueName":"search_term_string"}}],"inLanguage":"en-US"}]}},"_links":{"self":[{"href":"https:\/\/absolent.com\/it\/wp-json\/wp\/v2\/pages\/4701","targetHints":{"allow":["GET"]}}],"collection":[{"href":"https:\/\/absolent.com\/it\/wp-json\/wp\/v2\/pages"}],"about":[{"href":"https:\/\/absolent.com\/it\/wp-json\/wp\/v2\/types\/page"}],"author":[{"embeddable":true,"href":"https:\/\/absolent.com\/it\/wp-json\/wp\/v2\/users\/7"}],"replies":[{"embeddable":true,"href":"https:\/\/absolent.com\/it\/wp-json\/wp\/v2\/comments?post=4701"}],"version-history":[{"count":16,"href":"https:\/\/absolent.com\/it\/wp-json\/wp\/v2\/pages\/4701\/revisions"}],"predecessor-version":[{"id":4982,"href":"https:\/\/absolent.com\/it\/wp-json\/wp\/v2\/pages\/4701\/revisions\/4982"}],"wp:featuredmedia":[{"embeddable":true,"href":"https:\/\/absolent.com\/it\/wp-json\/wp\/v2\/media\/4702"}],"wp:attachment":[{"href":"https:\/\/absolent.com\/it\/wp-json\/wp\/v2\/media?parent=4701"}],"curies":[{"name":"wp","href":"https:\/\/api.w.org\/{rel}","templated":true}]}}